{"id":158,"date":"2026-02-28T10:13:58","date_gmt":"2026-02-28T10:13:58","guid":{"rendered":"https:\/\/evitrol-officiel.fr\/?page_id=158"},"modified":"2026-02-28T10:28:07","modified_gmt":"2026-02-28T10:28:07","slug":"evitrol-ainesosat-tieteelliset-tutkimukset","status":"publish","type":"page","link":"https:\/\/evitrol-officiel.fr\/fi\/evitrol-ainesosat-tieteelliset-tutkimukset\/","title":{"rendered":"Evitrol - Ainesosat ja tieteelliset tutkimukset"},"content":{"rendered":"<div data-elementor-type=\"wp-page\" data-elementor-id=\"158\" class=\"elementor elementor-158\" data-elementor-post-type=\"page\">\n\t\t\t\t<div class=\"elementor-element elementor-element-b255a63 e-flex e-con-boxed e-con e-parent\" data-id=\"b255a63\" data-element_type=\"container\" data-e-type=\"container\">\n\t\t\t\t\t<div class=\"e-con-inner\">\n\t\t\t\t<div class=\"elementor-element elementor-element-0d5ae77 elementor-widget elementor-widget-heading\" data-id=\"0d5ae77\" data-element_type=\"widget\" data-e-type=\"widget\" data-widget_type=\"heading.default\">\n\t\t\t\t\t<h1 class=\"elementor-heading-title elementor-size-default\">Evitrol - Ainesosat ja tieteelliset tutkimukset<\/h1>\t\t\t\t<\/div>\n\t\t\t\t<div class=\"elementor-element elementor-element-70800a6e elementor-widget elementor-widget-text-editor\" data-id=\"70800a6e\" data-element_type=\"widget\" data-e-type=\"widget\" data-widget_type=\"text-editor.default\">\n\t\t\t\t\t\t\t\t\t\n<h2 class=\"wp-block-heading\">Tieteeseen, ei trendeihin, perustuva kaava<\/h2>\n\n<p>Jokaisen Evitrol-kapselin takana on perusteellinen tutkimus. Kutakin ainesosaa ei ole valittu trendin seuraamiseksi, vaan siksi, ett\u00e4 on olemassa erityisi\u00e4 <strong>vankka tieteellinen tieto<\/strong> jotka todistavat sen vaikuttavan aineenvaihduntaan, painonhallintaan ja glykeemisen s\u00e4\u00e4telyyn. T\u00e4ll\u00e4 sivulla esitell\u00e4\u00e4n yksityiskohtaisesti Evitrol-valmisteen vaikuttavat aineet, biologiset mekanismit, joihin ne vaikuttavat, sek\u00e4 niiden k\u00e4ytt\u00f6\u00e4 tukevat tutkimukset.<\/p>\n\n<h2 class=\"wp-block-heading\">Kaavan yhteenvetotaulukko<\/h2>\n\n<figure class=\"wp-block-table\">\n<table class=\"has-fixed-layout\">\n<thead>\n<tr>\n<th>Ainesosa<\/th>\n<th>Annostus<\/th>\n<th>P\u00e4\u00e4asiallinen voitto<\/th>\n<th>Saatavilla olevat tutkimukset<\/th>\n<\/tr>\n<\/thead>\n<tbody>\n<tr>\n<td><strong>Berberiini<\/strong><\/td>\n<td>500 mg<\/td>\n<td>Glykeeminen s\u00e4\u00e4tely ja rasva-aineenvaihdunta<\/td>\n<td>Kyll\u00e4 - kliiniset tutkimukset<\/td>\n<\/tr>\n<tr>\n<td><strong>Vihre\u00e4 tee (EGCG)<\/strong><\/td>\n<td>154 mg<\/td>\n<td>L\u00e4mm\u00f6ntuotanto ja rasvanpoltto<\/td>\n<td>Kyll\u00e4 - meta-analyysit<\/td>\n<\/tr>\n<tr>\n<td><strong>Kromipikolinaatti<\/strong><\/td>\n<td>100 \u00b5g<\/td>\n<td>V\u00e4hentynyt n\u00e4lk\u00e4 ja ruokahalu<\/td>\n<td>Kyll\u00e4 - EU:n v\u00e4ite hyv\u00e4ksytty<\/td>\n<\/tr>\n<tr>\n<td><strong>Omenaviinietikka<\/strong><\/td>\n<td>150 mg<\/td>\n<td>Ruuansulatus ja kyll\u00e4isyys<\/td>\n<td>Kyll\u00e4 - alustavat tutkimukset<\/td>\n<\/tr>\n<tr>\n<td><strong>B12-vitamiini<\/strong><\/td>\n<td>2,5 \u00b5g<\/td>\n<td>Solujen energia ja aineenvaihdunta<\/td>\n<td>Kyll\u00e4 - EU:n v\u00e4ite hyv\u00e4ksytty<\/td>\n<\/tr>\n<tr>\n<td><strong>Adaptogeeniset uutteet<\/strong><\/td>\n<td>Monimutkainen<\/td>\n<td>Stressin v\u00e4hent\u00e4minen ja elinvoima<\/td>\n<td>Kyll\u00e4 - kortisolia koskevat tutkimukset<\/td>\n<\/tr>\n<\/tbody>\n<\/table>\n<\/figure>\n\n<h2 class=\"wp-block-heading\">Berberiini - kaavan pilari<\/h2>\n\n<p>La <strong>berberiini<\/strong> on useista l\u00e4\u00e4kekasveista, kuten berberiksest\u00e4 ja coptis chinensiksest\u00e4, uutettu alkaloidi. Sit\u00e4 on k\u00e4ytetty vuosisatojen ajan perinteisess\u00e4 kiinalaisessa ja ayurveda-l\u00e4\u00e4ketieteess\u00e4, ja sit\u00e4 on nyt tutkittu yli kymmeness\u00e4 tutkimuksessa. <strong>3 000 julkaistua tutkimusta<\/strong> kansainv\u00e4lisiss\u00e4 tieteellisiss\u00e4 lehdiss\u00e4, mik\u00e4 tekee siit\u00e4 yhden maailman parhaiten dokumentoiduista luonnollisista vaikuttavista aineista aineenvaihdunnan alalla.<\/p>\n\n<p>Sen p\u00e4\u00e4asiallinen vaikutusmekanismi on entsyymin aktivointi. <strong>AMPK<\/strong> (AMP-aktivoitu proteiinikinaasi), joka on saanut lempinimen ihmiskehon \u00abaineenvaihdunnan p\u00e4\u00e4s\u00e4\u00e4din\u00bb. Aktivoimalla t\u00e4t\u00e4 entsyymi\u00e4 berberiini auttaa :<\/p>\n\n<ul class=\"wp-block-list\">\n<li><strong>Insuliiniherkkyyden parantaminen<\/strong>, v\u00e4hent\u00e4\u00e4 aterianj\u00e4lkeisi\u00e4 glykeemisi\u00e4 huippuja<\/li>\n\n<li><strong>V\u00e4hent\u00e4\u00e4 glukoosin tuotantoa<\/strong> maksan toimesta<\/li>\n\n<li><strong>Rasvahappojen hapettumisen edist\u00e4minen<\/strong>, varastoidun rasvan polttaminen<\/li>\n\n<li><strong>V\u00e4henn\u00e4 mielihaluja<\/strong> pit\u00e4m\u00e4ll\u00e4 verensokeritaso vakaampana koko p\u00e4iv\u00e4n ajan.<\/li>\n<\/ul>\n\n<blockquote class=\"wp-block-quote is-layout-flow wp-block-quote-is-layout-flow\">\n<p><em>Evidence-Based Complementary and Alternative Medicine -lehdess\u00e4 julkaistussa meta-analyysiss\u00e4 todettiin, ett\u00e4 berberiinill\u00e4 oli merkitt\u00e4vi\u00e4 vaikutuksia paastoverensokerin ja lipidiprofiilien alentamiseen ylipainoisilla aikuisilla.<\/em><\/p>\n<\/blockquote>\n\n<h2 class=\"wp-block-heading\">Vihre\u00e4 teeuute (EGCG) - Luonnollinen l\u00e4mm\u00f6ntuotanto<\/h2>\n\n<p>L\u2019<strong>epigallokatekiinigallaatti (EGCG)<\/strong> on vihre\u00e4n teen t\u00e4rkein aktiivinen polyfenoli. Se on yksi eniten tutkituista luonnollisista yhdisteist\u00e4. <strong>laihtuminen<\/strong> ja <strong>l\u00e4mm\u00f6ntuotanto<\/strong>. L\u00e4mm\u00f6ntuotanto tarkoittaa elimist\u00f6n kyky\u00e4 tuottaa l\u00e4mp\u00f6\u00e4 polttamalla kaloreita my\u00f6s levossa, mik\u00e4 tarkoittaa k\u00e4yt\u00e4nn\u00f6ss\u00e4 sit\u00e4, ett\u00e4 elimist\u00f6 kuluttaa enemm\u00e4n energiaa ilman fyysist\u00e4 lis\u00e4ponnistusta.<\/p>\n\n<p>EGCG vaikuttaa est\u00e4m\u00e4ll\u00e4 entsyymi\u00e4, joka normaalisti hajottaa noradrenaliinia, mik\u00e4 pident\u00e4\u00e4 sen aineenvaihduntaa stimuloivaa vaikutusta. K\u00e4yt\u00e4nn\u00f6ss\u00e4 t\u00e4m\u00e4 tarkoittaa :<\/p>\n\n<ul class=\"wp-block-list\">\n<li>A <strong>lis\u00e4\u00e4ntynyt energiankulutus<\/strong> levossa arviolta 3-8 % tutkimuksesta riippuen.<\/li>\n\n<li>A <strong>parempi rasvan hapettuminen<\/strong>, erityisesti fyysisen aktiivisuuden aikana<\/li>\n\n<li>Voimakas <strong>antioksidanttinen vaikutus<\/strong> suojaa soluja hapettumisstressilt\u00e4<\/li>\n\n<li>Tuki <strong>syd\u00e4n- ja verisuoniterveys<\/strong> maailmanlaajuinen<\/li>\n<\/ul>\n\n<blockquote class=\"wp-block-quote is-layout-flow wp-block-quote-is-layout-flow\">\n<p><em>International Journal of Obesity -lehdess\u00e4 julkaistussa meta-analyysiss\u00e4 analysoitiin 11 tutkimusta ja todettiin, ett\u00e4 vihre\u00e4n teen katekiinit yhdistettyn\u00e4 luonnolliseen kofeiiniin edistiv\u00e4t merkitt\u00e4v\u00e4sti painonpudotusta ja painon yll\u00e4pitoa.<\/em><\/p>\n<\/blockquote>\n\n<h2 class=\"wp-block-heading\">Kromipikolinaatti - ruokahalun s\u00e4\u00e4telyyn<\/h2>\n\n<p>Le <strong>kromi<\/strong> on olennainen hivenaine, jonka Euroopan unioni on tunnustanut sen vaikutuksesta seuraaviin tekij\u00f6ihin <strong>makroravintoaineiden normaali aineenvaihdunta<\/strong> ja <strong>normaalin verensokerin yll\u00e4pit\u00e4minen<\/strong>. Sen pikolinaattimuoto on kaikista markkinoilla olevista kromimuodoista biosaatavin eli parhaiten elimist\u00f6n omaksuma.<\/p>\n\n<p>Kromi auttaa yll\u00e4pit\u00e4m\u00e4\u00e4n normaalia verensokeritasoa tehostamalla insuliinin vaikutusta solutasolla. S\u00e4\u00e4t\u00e4m\u00e4ll\u00e4 verensokerin vaihteluita se auttaa :<\/p>\n\n<ul class=\"wp-block-list\">\n<li><strong>V\u00e4hent\u00e4\u00e4 sokerinhimoa<\/strong> ja mielihalut aterioiden v\u00e4lill\u00e4<\/li>\n\n<li><strong>Pident\u00e4\u00e4 kyll\u00e4isyyden tunnetta<\/strong> aterioiden j\u00e4lkeen<\/li>\n\n<li><strong>Energiatasojen vakauttaminen<\/strong> koko p\u00e4iv\u00e4n ajan<\/li>\n\n<li><strong>Pakonomaisen sy\u00f6misen rajoittaminen<\/strong> liittyy verensokerin vaihteluihin<\/li>\n<\/ul>\n\n<blockquote class=\"wp-block-quote is-layout-flow wp-block-quote-is-layout-flow\">\n<p><em>Terveysv\u00e4ite, jonka mukaan kromi edist\u00e4\u00e4 makroravintoaineiden normaalia aineenvaihduntaa, on virallisesti hyv\u00e4ksytty Euroopan komission asetuksella (EU) N:o 432\/2012.<\/em><\/p>\n<\/blockquote>\n\n<h2 class=\"wp-block-heading\">Omenaviinietikka - Ruuansulatus ja kyll\u00e4isyyden tunne<\/h2>\n\n<p>Le <strong>omenaviinietikka<\/strong> on k\u00e4ytetty vuosisatojen ajan sen ruoansulatusta edist\u00e4vien ja myrkkyj\u00e4 poistavien ominaisuuksien vuoksi. Sen t\u00e4rkein vaikuttava aine\u2019<strong>etikkahappo<\/strong>, tutkitaan nyt sen merkityst\u00e4 painonhallinnassa, ruokahalun s\u00e4\u00e4telyss\u00e4 ja ruoansulatuksen parantamisessa. Evitrol-kaavassa se on tiivistettyn\u00e4 kapselimuodossa, jolloin v\u00e4ltet\u00e4\u00e4n suoraan nestem\u00e4iseen nauttimiseen liittyv\u00e4 ep\u00e4miellytt\u00e4v\u00e4 happamuus.<\/p>\n\n<p>Tutkimusten mukaan omenaviinietikka auttaa :<\/p>\n\n<ul class=\"wp-block-list\">\n<li><strong>Mahalaukun tyhjenemisen hidastaminen<\/strong>, pident\u00e4\u00e4 kyll\u00e4isyyden tunnetta aterioiden j\u00e4lkeen.<\/li>\n\n<li><strong>Glykeemisen vasteen v\u00e4hent\u00e4minen<\/strong> runsaasti hiilihydraatteja sis\u00e4lt\u00e4v\u00e4t ateriat<\/li>\n\n<li><strong>Terveen ruoansulatuksen tukeminen<\/strong> edist\u00e4m\u00e4ll\u00e4 tasapainoista suolistoflooraa<\/li>\n\n<li><strong>V\u00e4hent\u00e4\u00e4 viskeraalisen rasvan kertymist\u00e4.<\/strong> joidenkin alustavien tutkimusten mukaan<\/li>\n<\/ul>\n\n<blockquote class=\"wp-block-quote is-layout-flow wp-block-quote-is-layout-flow\">\n<p><em>Journal of Functional Foods -lehdess\u00e4 julkaistussa tutkimuksessa havaittiin, ett\u00e4 etikkahappoa p\u00e4ivitt\u00e4in 12 viikon ajan nauttineiden osallistujien painoindeksi ja vy\u00f6t\u00e4r\u00f6nymp\u00e4rys pieneniv\u00e4t merkitt\u00e4v\u00e4sti.<\/em><\/p>\n<\/blockquote>\n\n<h2 class=\"wp-block-heading\">B12-vitamiini - Solujen energia<\/h2>\n\n<p>La <strong>B12-vitamiini<\/strong> on vesiliukoinen vitamiini, joka on v\u00e4ltt\u00e4m\u00e4t\u00f6n hermoston moitteettoman toiminnan ja immuunij\u00e4rjestelm\u00e4n kehittymisen kannalta. <strong>solujen energiantuotanto<\/strong>. Sill\u00e4 on keskeinen rooli DNA-synteesiss\u00e4 sek\u00e4 aminohappojen ja rasvahappojen aineenvaihdunnassa. Sen sis\u00e4llytt\u00e4minen Evitrol-kaavaan on vastaus yleiseen havaintoon: monet ylipainoiset tai rajoittavaa ruokavaliota noudattavat ihmiset k\u00e4rsiv\u00e4t B12:n puutteesta, mik\u00e4 n\u00e4kyy kroonisena v\u00e4symyksen\u00e4, joka haittaa heid\u00e4n ponnistelujaan.<\/p>\n\n<p>S\u00e4ilytt\u00e4m\u00e4ll\u00e4 optimaaliset B12-tasot Evitrol auttaa :<\/p>\n\n<ul class=\"wp-block-list\">\n<li><strong>Energiantuotannon tukeminen<\/strong> mitokondriotasolla<\/li>\n\n<li><strong>V\u00e4hent\u00e4\u00e4 v\u00e4symyst\u00e4<\/strong> fyysinen ja henkinen<\/li>\n\n<li><strong>Edistet\u00e4\u00e4n solujen tehokasta aineenvaihduntaa<\/strong><\/li>\n\n<li><strong>Hermoston tukeminen<\/strong> yll\u00e4pit\u00e4\u00e4 motivaatiota ja henkist\u00e4 selkeytt\u00e4 p\u00e4ivitt\u00e4in.<\/li>\n<\/ul>\n\n<blockquote class=\"wp-block-quote is-layout-flow wp-block-quote-is-layout-flow\">\n<p><em>Terveysv\u00e4ite, jonka mukaan B12-vitamiini edist\u00e4\u00e4 normaalia energia-aineenvaihduntaa ja v\u00e4hent\u00e4\u00e4 v\u00e4symyst\u00e4, on virallisesti hyv\u00e4ksytty asetuksella (EU) N:o 432\/2012.<\/em><\/p>\n<\/blockquote>\n\n<h2 class=\"wp-block-heading\">Adaptogeeniset kasviuutteet - Stressi, laihdutuksen hiljainen vihollinen<\/h2>\n\n<p>The <strong>adaptogeeniset kasvit<\/strong> ovat kasveja, jotka auttavat kehoa sopeutumaan fyysiseen ja henkiseen stressiin. Niiden sis\u00e4llytt\u00e4minen Evitrol-kaavaan on vastaus hyvin dokumentoituun tieteelliseen tosiasiaan:. <strong>krooninen stressi on merkitt\u00e4v\u00e4 tekij\u00e4 painonnousussa<\/strong> jota muut laihdutusvalmisteet usein unohtavat.<\/p>\n\n<p>Itse asiassa <strong>kortisoli<\/strong> - stressihormoni - edist\u00e4\u00e4 rasvan varastoitumista erityisesti vatsan alueelle, stimuloi pakonomaista sy\u00f6mist\u00e4 ja h\u00e4iritsee unen laatua, joka liittyy l\u00e4heisesti painon s\u00e4\u00e4telyyn. Evitrolin sis\u00e4lt\u00e4m\u00e4t adaptogeenit auttavat :<\/p>\n\n<ul class=\"wp-block-list\">\n<li><strong>V\u00e4hent\u00e4\u00e4 kortisolitasoja<\/strong> ja stressin vaikutus elimist\u00f6\u00f6n<\/li>\n\n<li><strong>Parantaa fyysist\u00e4 ja henkist\u00e4 vastustuskyky\u00e4<\/strong> stressitilanteiden k\u00e4sittely<\/li>\n\n<li><strong>Yleisen elinvoimaisuuden tukeminen<\/strong> ja unen laatu<\/li>\n\n<li><strong>Rajoita emotionaalista sy\u00f6mist\u00e4<\/strong> liittyy stressiin ja ahdistukseen<\/li>\n<\/ul>\n\n<h2 class=\"wp-block-heading\">Miten n\u00e4m\u00e4 ainesosat toimivat yhdess\u00e4<\/h2>\n\n<p>Evitrolin todellinen vahvuus ei piile miss\u00e4\u00e4n yksitt\u00e4isess\u00e4 ainesosassa, vaan tavassa, jolla sit\u00e4 k\u00e4ytet\u00e4\u00e4n. <strong>t\u00e4sm\u00e4llinen synergia kaikkien aktiivisten ainesosien v\u00e4lill\u00e4<\/strong>. Jokainen komponentti on annosteltu tehostamaan toistensa vaikutusta, jolloin kokonaisvaikutus on suurempi kuin osiensa summa.<\/p>\n\n<p>K\u00e4yt\u00e4nn\u00f6ss\u00e4 t\u00e4m\u00e4 synergia toimii n\u00e4in p\u00e4ivitt\u00e4in:<\/p>\n\n<ul class=\"wp-block-list\">\n<li>La <strong>berberiini<\/strong> vakauttaa verensokerin tasoa, kun taas <strong>kromi<\/strong> v\u00e4hent\u00e4\u00e4 samanaikaisesti mielihaluja - kaksi vaikuttavaa ainetta vaikuttavat samaan mekanismiin kahdesta eri n\u00e4k\u00f6kulmasta, mik\u00e4 moninkertaistaa niiden tehokkuuden.<\/li>\n\n<li>L\u2019<strong>EGCG vihre\u00e4st\u00e4 teest\u00e4<\/strong> tehostaa l\u00e4mm\u00f6ntuotanto ja rasvanpolttoa, kun taas <strong>B12-vitamiini<\/strong> tuottaa solujen tarvitsemaa energiaa riitt\u00e4v\u00e4n fyysisen aktiivisuuden yll\u00e4pit\u00e4miseksi.<\/li>\n\n<li>Le <strong>omenaviinietikka<\/strong> pident\u00e4\u00e4 kyll\u00e4isyytt\u00e4 aterioiden j\u00e4lkeen, kun taas <strong>adaptogeenit<\/strong> v\u00e4hent\u00e4\u00e4 stressi\u00e4 ja pakonomaista sy\u00f6mist\u00e4 aterioiden v\u00e4lill\u00e4<\/li>\n<\/ul>\n\n<p>Juuri t\u00e4m\u00e4 kokonaisvaltainen, monikohteinen l\u00e4hestymistapa - joka vaikuttaa samanaikaisesti aineenvaihduntaan, ruokahaluun, energiaan ja stressiin - tekee Evitrolista laihdutusvalmisteen, joka eroaa olennaisesti tavanomaisista ratkaisuista, jotka vaikuttavat vain yhteen vipuun.<\/p>\n\n<h2 class=\"wp-block-heading\">FAQ - Kysymyksesi Evitrolin ainesosista<\/h2>\n\n<p><strong>\u2753Onko berberiini turvallista?<br \/><\/strong>Berberiini on yleens\u00e4 hyvin siedetty suositelluilla annoksilla. Koska berberiini vaikuttaa verensokeriin ja verenpaineeseen, l\u00e4\u00e4kehoitoa - erityisesti diabeteksen tai syd\u00e4n- ja verisuonisairauksien vuoksi - saavien henkil\u00f6iden on kuitenkin neuvoteltava l\u00e4\u00e4k\u00e4rin kanssa ennen hoidon aloittamista.<\/p>\n\n<p><strong>Sis\u00e4lt\u00e4\u00e4k\u00f6 vihre\u00e4 tee kofeiinia?<br \/><\/strong>Evitrolissa k\u00e4ytetty vihre\u00e4 teeuute sis\u00e4lt\u00e4\u00e4 pienen m\u00e4\u00e4r\u00e4n luonnollista kofeiinia, paljon v\u00e4hemm\u00e4n kuin kupillinen kahvia. T\u00e4m\u00e4 m\u00e4\u00e4r\u00e4 riitt\u00e4\u00e4 tehostamaan EGCG:n termogeenist\u00e4 vaikutusta aiheuttamatta hermostuneisuutta tai h\u00e4iritsem\u00e4tt\u00e4 unta, kun tuote otetaan suositusten mukaisesti aamulla tai keskip\u00e4iv\u00e4ll\u00e4.<\/p>\n\n<p><strong>\u2753Onko kromipikolinaatti luonnollinen?<br \/><\/strong>Kromipikolinaatti on luonnollisen mineraalin kromin kelaattimuoto, joka on sidottu pikoliinihappoon suoliston imeytymisen optimoimiseksi. Se on tutkituin ja biosaatavin kromin muoto, joka on saatavilla ravintolisiss\u00e4.<\/p>\n\n<p><strong>\u2753Voidaanko Evitrolia ottaa pitk\u00e4aikaisesti?<br \/><\/strong>Evitrolin luonnollinen 100 %-kaava on suunniteltu pitk\u00e4aikaiseen k\u00e4ytt\u00f6\u00f6n suositeltua annostusta noudattaen. Henkil\u00f6kohtaisen tuen saamiseksi pitk\u00e4ll\u00e4 aikav\u00e4lill\u00e4 on suositeltavaa neuvotella terveydenhuollon ammattilaisen kanssa.<\/p>\n\n<p><strong>\u2753 Ovatko kaikki Evitrolin ainesosat luonnollista alkuper\u00e4\u00e4?<br \/><\/strong>Kyll\u00e4, kaikki Evitrol-kaavan vaikuttavat aineet ovat luonnollisia tai kasviper\u00e4isi\u00e4. Kaava ei sis\u00e4ll\u00e4 synteettisi\u00e4 stimulantteja, kemiallisia s\u00e4il\u00f6nt\u00e4aineita eik\u00e4 keinotekoisia v\u00e4riaineita.<\/p>\n\n<p><strong>\u2753Mit\u00e4 eroa on Evitrolin ja klassisen rasvanpolttajan v\u00e4lill\u00e4?<br \/><\/strong>Perinteiset rasvanpolttajat perustuvat yleens\u00e4 suuriin kofeiini- tai efedriiniannoksiin, jotka stimuloivat hermostoa keinotekoisesti. Evitrol toimii eri tavalla ja kohdistuu syvempiin aineenvaihduntamekanismeihin - verensokerin s\u00e4\u00e4telyyn, luonnolliseen l\u00e4mm\u00f6ntuotantoj\u00e4rjestelm\u00e4\u00e4n ja stressinhallintaan - aiheuttamatta hermostuneisuutta, unettomuutta tai rebound-vaikutusta, kun lopetat sen k\u00e4yt\u00f6n.<\/p>\n\n<p><em>T\u00e4ll\u00e4 sivulla olevat tiedot on annettu vain tiedoksi, eiv\u00e4tk\u00e4 ne ole l\u00e4\u00e4ketieteellist\u00e4 neuvontaa. Evitrol on ravintolis\u00e4 eik\u00e4 se korvaa tasapainoista ruokavaliota tai erikoisl\u00e4\u00e4k\u00e4rin hoitoa.<\/em><\/p>\n\t\t\t\t\t\t\t\t<\/div>\n\t\t\t\t\t<\/div>\n\t\t\t\t<\/div>\n\t\t\t\t<\/div>","protected":false},"excerpt":{"rendered":"<p>Evitrol &#8211; Ingr\u00e9dients &#038; \u00c9tudes Scientifiques Une formule fond\u00e9e sur la science, pas sur les tendances Derri\u00e8re chaque capsule Evitrol se cache un travail de recherche approfondi. Chaque ingr\u00e9dient a \u00e9t\u00e9 s\u00e9lectionn\u00e9 non pas pour suivre une mode, mais parce qu&rsquo;il existe des donn\u00e9es scientifiques solides qui attestent de son efficacit\u00e9 sur le m\u00e9tabolisme, la [&hellip;]<\/p>\n","protected":false},"author":1,"featured_media":0,"parent":0,"menu_order":0,"comment_status":"closed","ping_status":"closed","template":"","meta":{"footnotes":""},"class_list":["post-158","page","type-page","status-publish","hentry"],"_hostinger_reach_plugin_has_subscription_block":false,"_hostinger_reach_plugin_is_elementor":false,"_links":{"self":[{"href":"https:\/\/evitrol-officiel.fr\/fi\/wp-json\/wp\/v2\/pages\/158","targetHints":{"allow":["GET"]}}],"collection":[{"href":"https:\/\/evitrol-officiel.fr\/fi\/wp-json\/wp\/v2\/pages"}],"about":[{"href":"https:\/\/evitrol-officiel.fr\/fi\/wp-json\/wp\/v2\/types\/page"}],"author":[{"embeddable":true,"href":"https:\/\/evitrol-officiel.fr\/fi\/wp-json\/wp\/v2\/users\/1"}],"replies":[{"embeddable":true,"href":"https:\/\/evitrol-officiel.fr\/fi\/wp-json\/wp\/v2\/comments?post=158"}],"version-history":[{"count":6,"href":"https:\/\/evitrol-officiel.fr\/fi\/wp-json\/wp\/v2\/pages\/158\/revisions"}],"predecessor-version":[{"id":166,"href":"https:\/\/evitrol-officiel.fr\/fi\/wp-json\/wp\/v2\/pages\/158\/revisions\/166"}],"wp:attachment":[{"href":"https:\/\/evitrol-officiel.fr\/fi\/wp-json\/wp\/v2\/media?parent=158"}],"curies":[{"name":"wp","href":"https:\/\/api.w.org\/{rel}","templated":true}]}}